{"id":297,"date":"2024-09-30T12:19:47","date_gmt":"2024-09-30T12:19:47","guid":{"rendered":"https:\/\/anchangretreat.vn\/san-pham\/an-chang-forest-hideaway\/"},"modified":"2024-10-10T02:50:47","modified_gmt":"2024-10-10T02:50:47","slug":"an-chang-forest-hideaway","status":"publish","type":"product","link":"https:\/\/anchangretreat.vn\/en\/product\/an-chang-forest-hideaway\/","title":{"rendered":"An Ch\u00e2ng Forest Hideaway"},"content":{"rendered":"","protected":false},"excerpt":{"rendered":"","protected":false},"featured_media":0,"comment_status":"closed","ping_status":"closed","template":"","meta":[],"product_brand":[],"product_cat":[],"product_tag":[],"class_list":{"0":"post-297","1":"product","2":"type-product","3":"status-publish","6":"first","7":"outofstock","8":"sold-individually","9":"shipping-taxable","10":"product-type-variable"},"yoast_head":"<!-- This site is optimized with the Yoast SEO Premium plugin v24.1 (Yoast SEO v25.6) - https:\/\/yoast.com\/wordpress\/plugins\/seo\/ -->\n<title>An Ch\u00e2ng Forest Hideaway - An Ch\u00e2ng Retreat &amp; Spa, Th\u00e0nh ph\u1ed1 H\u00e0 Giang. Trang web ch\u00ednh th\u1ee9c.<\/title>\n<meta name=\"robots\" content=\"noindex, follow\" \/>\n<meta property=\"og:locale\" content=\"en_US\" \/>\n<meta property=\"og:type\" content=\"article\" \/>\n<meta property=\"og:title\" content=\"An Ch\u00e2ng Forest Hideaway\" \/>\n<meta property=\"og:url\" content=\"https:\/\/anchangretreat.vn\/en\/product\/an-chang-forest-hideaway\/\" \/>\n<meta property=\"og:site_name\" content=\"An Ch\u00e2ng Retreat &amp; Spa, Th\u00e0nh ph\u1ed1 H\u00e0 Giang. Trang web ch\u00ednh th\u1ee9c.\" \/>\n<meta property=\"article:publisher\" content=\"https:\/\/www.facebook.com\/anchangretreat\" \/>\n<meta property=\"article:modified_time\" content=\"2024-10-10T02:50:47+00:00\" \/>\n<meta property=\"og:image\" content=\"https:\/\/anchangretreat.vn\/wp-content\/uploads\/2024\/10\/phong-An_chang19.webp\" \/>\n\t<meta property=\"og:image:width\" content=\"1649\" \/>\n\t<meta property=\"og:image:height\" content=\"1004\" \/>\n\t<meta property=\"og:image:type\" content=\"image\/webp\" \/>\n<meta name=\"twitter:card\" content=\"summary_large_image\" \/>\n<script type=\"application\/ld+json\" class=\"yoast-schema-graph\">{\"@context\":\"https:\/\/schema.org\",\"@graph\":[{\"@type\":\"WebPage\",\"@id\":\"https:\/\/anchangretreat.vn\/san-pham\/an-chang-forest-hideaway\/\",\"url\":\"https:\/\/anchangretreat.vn\/san-pham\/an-chang-forest-hideaway\/\",\"name\":\"An Ch\u00e2ng Forest Hideaway - An Ch\u00e2ng Retreat &amp; Spa, Th\u00e0nh ph\u1ed1 H\u00e0 Giang. Trang web ch\u00ednh th\u1ee9c.\",\"isPartOf\":{\"@id\":\"https:\/\/anchangretreat.vn\/#website\"},\"datePublished\":\"2024-09-30T12:19:47+00:00\",\"dateModified\":\"2024-10-10T02:50:47+00:00\",\"breadcrumb\":{\"@id\":\"https:\/\/anchangretreat.vn\/san-pham\/an-chang-forest-hideaway\/#breadcrumb\"},\"inLanguage\":\"en-US\",\"potentialAction\":[{\"@type\":\"ReadAction\",\"target\":[\"https:\/\/anchangretreat.vn\/san-pham\/an-chang-forest-hideaway\/\"]}]},{\"@type\":\"BreadcrumbList\",\"@id\":\"https:\/\/anchangretreat.vn\/san-pham\/an-chang-forest-hideaway\/#breadcrumb\",\"itemListElement\":[{\"@type\":\"ListItem\",\"position\":1,\"name\":\"Home\",\"item\":\"https:\/\/anchangretreat.vn\/\"},{\"@type\":\"ListItem\",\"position\":2,\"name\":\"Booking Room\",\"item\":\"https:\/\/anchangretreat.vn\/cart\/\"},{\"@type\":\"ListItem\",\"position\":3,\"name\":\"An Ch\u00e2ng Forest Hideaway\"}]},{\"@type\":\"WebSite\",\"@id\":\"https:\/\/anchangretreat.vn\/#website\",\"url\":\"https:\/\/anchangretreat.vn\/\",\"name\":\"An Ch\u00e2ng Retreat & Spa, Th\u00e0nh ph\u1ed1 H\u00e0 Giang. Trang web ch\u00ednh th\u1ee9c.\",\"description\":\"Khu ngh\u1ec9 d\u01b0\u1ee1ng, Tour, Spa v\u00e0 Nh\u00e0 h\u00e0ng t\u1ea1i H\u00e0 Giang\",\"publisher\":{\"@id\":\"https:\/\/anchangretreat.vn\/#organization\"},\"potentialAction\":[{\"@type\":\"SearchAction\",\"target\":{\"@type\":\"EntryPoint\",\"urlTemplate\":\"https:\/\/anchangretreat.vn\/?s={search_term_string}\"},\"query-input\":{\"@type\":\"PropertyValueSpecification\",\"valueRequired\":true,\"valueName\":\"search_term_string\"}}],\"inLanguage\":\"en-US\"},{\"@type\":\"Organization\",\"@id\":\"https:\/\/anchangretreat.vn\/#organization\",\"name\":\"AN CHANG RETREAT - H\u00c0NH TR\u00ccNH V\u1ec0 MI\u1ec0N AN NHI\u00caN\",\"url\":\"https:\/\/anchangretreat.vn\/\",\"logo\":{\"@type\":\"ImageObject\",\"inLanguage\":\"en-US\",\"@id\":\"https:\/\/anchangretreat.vn\/#\/schema\/logo\/image\/\",\"url\":\"https:\/\/anchangretreat.vn\/wp-content\/uploads\/2024\/09\/logo-Anchang-02.svg\",\"contentUrl\":\"https:\/\/anchangretreat.vn\/wp-content\/uploads\/2024\/09\/logo-Anchang-02.svg\",\"width\":305,\"height\":305,\"caption\":\"AN CHANG RETREAT - H\u00c0NH TR\u00ccNH V\u1ec0 MI\u1ec0N AN NHI\u00caN\"},\"image\":{\"@id\":\"https:\/\/anchangretreat.vn\/#\/schema\/logo\/image\/\"},\"sameAs\":[\"https:\/\/www.facebook.com\/anchangretreat\"]}]}<\/script>\n<!-- \/ Yoast SEO Premium plugin. -->","yoast_head_json":{"title":"An Ch\u00e2ng Forest Hideaway - An Ch\u00e2ng Retreat &amp; Spa, Th\u00e0nh ph\u1ed1 H\u00e0 Giang. Trang web ch\u00ednh th\u1ee9c.","robots":{"index":"noindex","follow":"follow"},"og_locale":"en_US","og_type":"article","og_title":"An Ch\u00e2ng Forest Hideaway","og_url":"https:\/\/anchangretreat.vn\/en\/product\/an-chang-forest-hideaway\/","og_site_name":"An Ch\u00e2ng Retreat &amp; Spa, Th\u00e0nh ph\u1ed1 H\u00e0 Giang. Trang web ch\u00ednh th\u1ee9c.","article_publisher":"https:\/\/www.facebook.com\/anchangretreat","article_modified_time":"2024-10-10T02:50:47+00:00","og_image":[{"width":1649,"height":1004,"url":"https:\/\/anchangretreat.vn\/wp-content\/uploads\/2024\/10\/phong-An_chang19.webp","type":"image\/webp"}],"twitter_card":"summary_large_image","schema":{"@context":"https:\/\/schema.org","@graph":[{"@type":"WebPage","@id":"https:\/\/anchangretreat.vn\/san-pham\/an-chang-forest-hideaway\/","url":"https:\/\/anchangretreat.vn\/san-pham\/an-chang-forest-hideaway\/","name":"An Ch\u00e2ng Forest Hideaway - An Ch\u00e2ng Retreat &amp; Spa, Th\u00e0nh ph\u1ed1 H\u00e0 Giang. Trang web ch\u00ednh th\u1ee9c.","isPartOf":{"@id":"https:\/\/anchangretreat.vn\/#website"},"datePublished":"2024-09-30T12:19:47+00:00","dateModified":"2024-10-10T02:50:47+00:00","breadcrumb":{"@id":"https:\/\/anchangretreat.vn\/san-pham\/an-chang-forest-hideaway\/#breadcrumb"},"inLanguage":"en-US","potentialAction":[{"@type":"ReadAction","target":["https:\/\/anchangretreat.vn\/san-pham\/an-chang-forest-hideaway\/"]}]},{"@type":"BreadcrumbList","@id":"https:\/\/anchangretreat.vn\/san-pham\/an-chang-forest-hideaway\/#breadcrumb","itemListElement":[{"@type":"ListItem","position":1,"name":"Home","item":"https:\/\/anchangretreat.vn\/"},{"@type":"ListItem","position":2,"name":"Booking Room","item":"https:\/\/anchangretreat.vn\/cart\/"},{"@type":"ListItem","position":3,"name":"An Ch\u00e2ng Forest Hideaway"}]},{"@type":"WebSite","@id":"https:\/\/anchangretreat.vn\/#website","url":"https:\/\/anchangretreat.vn\/","name":"An Ch\u00e2ng Retreat & Spa, Th\u00e0nh ph\u1ed1 H\u00e0 Giang. Trang web ch\u00ednh th\u1ee9c.","description":"Khu ngh\u1ec9 d\u01b0\u1ee1ng, Tour, Spa v\u00e0 Nh\u00e0 h\u00e0ng t\u1ea1i H\u00e0 Giang","publisher":{"@id":"https:\/\/anchangretreat.vn\/#organization"},"potentialAction":[{"@type":"SearchAction","target":{"@type":"EntryPoint","urlTemplate":"https:\/\/anchangretreat.vn\/?s={search_term_string}"},"query-input":{"@type":"PropertyValueSpecification","valueRequired":true,"valueName":"search_term_string"}}],"inLanguage":"en-US"},{"@type":"Organization","@id":"https:\/\/anchangretreat.vn\/#organization","name":"AN CHANG RETREAT - H\u00c0NH TR\u00ccNH V\u1ec0 MI\u1ec0N AN NHI\u00caN","url":"https:\/\/anchangretreat.vn\/","logo":{"@type":"ImageObject","inLanguage":"en-US","@id":"https:\/\/anchangretreat.vn\/#\/schema\/logo\/image\/","url":"https:\/\/anchangretreat.vn\/wp-content\/uploads\/2024\/09\/logo-Anchang-02.svg","contentUrl":"https:\/\/anchangretreat.vn\/wp-content\/uploads\/2024\/09\/logo-Anchang-02.svg","width":305,"height":305,"caption":"AN CHANG RETREAT - H\u00c0NH TR\u00ccNH V\u1ec0 MI\u1ec0N AN NHI\u00caN"},"image":{"@id":"https:\/\/anchangretreat.vn\/#\/schema\/logo\/image\/"},"sameAs":["https:\/\/www.facebook.com\/anchangretreat"]}]}},"_links":{"self":[{"href":"https:\/\/anchangretreat.vn\/en\/wp-json\/wp\/v2\/product\/297","targetHints":{"allow":["GET"]}}],"collection":[{"href":"https:\/\/anchangretreat.vn\/en\/wp-json\/wp\/v2\/product"}],"about":[{"href":"https:\/\/anchangretreat.vn\/en\/wp-json\/wp\/v2\/types\/product"}],"replies":[{"embeddable":true,"href":"https:\/\/anchangretreat.vn\/en\/wp-json\/wp\/v2\/comments?post=297"}],"wp:attachment":[{"href":"https:\/\/anchangretreat.vn\/en\/wp-json\/wp\/v2\/media?parent=297"}],"wp:term":[{"taxonomy":"product_brand","embeddable":true,"href":"https:\/\/anchangretreat.vn\/en\/wp-json\/wp\/v2\/product_brand?post=297"},{"taxonomy":"product_cat","embeddable":true,"href":"https:\/\/anchangretreat.vn\/en\/wp-json\/wp\/v2\/product_cat?post=297"},{"taxonomy":"product_tag","embeddable":true,"href":"https:\/\/anchangretreat.vn\/en\/wp-json\/wp\/v2\/product_tag?post=297"}],"curies":[{"name":"wp","href":"https:\/\/api.w.org\/{rel}","templated":true}]}}