{"id":242,"date":"2024-09-27T09:28:01","date_gmt":"2024-09-27T09:28:01","guid":{"rendered":"https:\/\/anchangretreat.vn\/?page_id=242"},"modified":"2026-03-04T20:31:20","modified_gmt":"2026-03-04T13:31:20","slug":"infinity-pool","status":"publish","type":"page","link":"https:\/\/anchangretreat.vn\/en\/infinity-pool\/","title":{"rendered":"Infinity pool"},"content":{"rendered":"<div data-elementor-type=\"wp-page\" data-elementor-id=\"242\" class=\"elementor elementor-242\" data-elementor-post-type=\"page\">\n\t\t\t\t\t\t<section class=\"elementor-section elementor-top-section elementor-element elementor-element-7f867e4 cs-parallax-on-scroll cs_scroll_y_80 elementor-section-height-min-height elementor-section-boxed elementor-section-height-default elementor-section-items-middle\" data-id=\"7f867e4\" data-element_type=\"section\" data-settings=\"{&quot;background_background&quot;:&quot;classic&quot;}\" data-cs-parallax-y=\"80\" style=\"background-image: none;\" data-cs-background-image=\"https:\/\/anchangretreat.vn\/wp-content\/uploads\/2024\/10\/be-vo-cuc-scaled.webp\">\n\t\t\t\t\t\t\t<div class=\"elementor-background-overlay\"><\/div>\n\t\t\t\t\t\t\t<div class=\"elementor-container elementor-column-gap-default\">\n\t\t\t\t\t<div class=\"elementor-column elementor-col-100 elementor-top-column elementor-element elementor-element-67df96df dark-color\" data-id=\"67df96df\" data-element_type=\"column\">\n\t\t\t<div class=\"elementor-widget-wrap elementor-element-populated\">\n\t\t\t\t\t\t<div class=\"elementor-element elementor-element-1f645b05 elementor-widget elementor-widget-cs_title\" data-id=\"1f645b05\" data-element_type=\"widget\" data-widget_type=\"cs_title.default\">\n\t\t\t\t<div class=\"elementor-widget-container\">\n\t\t\t\t\t\n        <div class=\"cs-title-wrap text-center\">\t            <div class=\"cs-subtitle-wrap\"><span class=\"cs-subtitle color-white\">Infinity pool<\/span><\/div>\t            <h1 class=\"cs-title color-white\">\n\t                Infinity Pool\t            <\/h1>        <\/div>\t\t\t\t<\/div>\n\t\t\t\t<\/div>\n\t\t\t\t\t<\/div>\n\t\t<\/div>\n\t\t\t\t\t<\/div>\n\t\t<\/section>\n\t\t<div class=\"elementor-element elementor-element-1fb4d6f e-con-full e-flex e-con e-parent\" data-id=\"1fb4d6f\" data-element_type=\"container\">\n\t\t\t\t<div class=\"elementor-element elementor-element-4da7a5b elementor-widget elementor-widget-text-editor\" data-id=\"4da7a5b\" data-element_type=\"widget\" data-widget_type=\"text-editor.default\">\n\t\t\t\t<div class=\"elementor-widget-container\">\n\t\t\t\t\t\t\t\t\t<div id=\"block-search\"><div id=\"be-search-form\" class=\"be-container\"><a href=\"https:\/\/exely.com\/\" target=\"_blank\" rel=\"nofollow noopener\">Hotel management software<\/a><\/div><\/div><p><!-- end Search form script --><\/p>\t\t\t\t\t\t\t\t<\/div>\n\t\t\t\t<\/div>\n\t\t\t\t<\/div>\n\t\t\t\t<section class=\"elementor-section elementor-top-section elementor-element elementor-element-384e5f3e cs-section-content-fullwidth elementor-section-content-middle elementor-reverse-tablet elementor-reverse-mobile elementor-section-boxed elementor-section-height-default elementor-section-height-default\" data-id=\"384e5f3e\" data-element_type=\"section\" data-settings=\"{&quot;animation_mobile&quot;:&quot;fadeIn&quot;}\">\n\t\t\t\t\t\t<div class=\"elementor-container elementor-column-gap-no\">\n\t\t\t\t\t<div class=\"elementor-column elementor-col-50 elementor-top-column elementor-element elementor-element-7b2a6266\" data-id=\"7b2a6266\" data-element_type=\"column\">\n\t\t\t<div class=\"elementor-widget-wrap elementor-element-populated\">\n\t\t\t\t\t\t<section class=\"elementor-section elementor-inner-section elementor-element elementor-element-7447e80a elementor-section-boxed elementor-section-height-default elementor-section-height-default\" data-id=\"7447e80a\" data-element_type=\"section\" data-settings=\"{&quot;background_background&quot;:&quot;classic&quot;}\">\n\t\t\t\t\t\t<div class=\"elementor-container elementor-column-gap-no\">\n\t\t\t\t\t<div class=\"elementor-column elementor-col-100 elementor-inner-column elementor-element elementor-element-175893b1\" data-id=\"175893b1\" data-element_type=\"column\">\n\t\t\t<div class=\"elementor-widget-wrap elementor-element-populated\">\n\t\t\t\t\t\t<div class=\"elementor-element elementor-element-383aaac5 elementor-widget elementor-widget-cs_title\" data-id=\"383aaac5\" data-element_type=\"widget\" data-widget_type=\"cs_title.default\">\n\t\t\t\t<div class=\"elementor-widget-container\">\n\t\t\t\t\t\n        <div class=\"cs-title-wrap\">\t            <div class=\"cs-title-text\">\n\t                <p>The infinity pool at An Ch\u00e2ng Resort is an experience not to be missed. Offering breathtaking views of the majestic mountains, it provides more than just relaxation\u2014it allows you to truly immerse yourself in the beauty of nature.<\/p><p>The pool is filled with natural spring water, offering a crisp and refreshing sensation. Here, you can swim at your leisure, take in the scenic landscapes, or simply lounge and soak up the peaceful moments in the serene mountain atmosphere. Come and discover the wonders of the infinity pool at An Ch\u00e2ng Retreat &amp; Spa!<\/p>\t            <\/div>        <\/div>\t\t\t\t<\/div>\n\t\t\t\t<\/div>\n\t\t\t\t\t<\/div>\n\t\t<\/div>\n\t\t\t\t\t<\/div>\n\t\t<\/section>\n\t\t\t\t\t<\/div>\n\t\t<\/div>\n\t\t\t\t<div class=\"elementor-column elementor-col-50 elementor-top-column elementor-element elementor-element-4f432b06 dark-color\" data-id=\"4f432b06\" data-element_type=\"column\">\n\t\t\t<div class=\"elementor-widget-wrap elementor-element-populated\">\n\t\t\t\t\t\t<div class=\"elementor-element elementor-element-a8f7be4 elementor-widget__width-initial elementor-widget elementor-widget-image\" data-id=\"a8f7be4\" data-element_type=\"widget\" data-widget_type=\"image.default\">\n\t\t\t\t<div class=\"elementor-widget-container\">\n\t\t\t\t\t\t\t\t\t\t\t\t\t\t\t<img fetchpriority=\"high\" decoding=\"async\" width=\"1024\" height=\"687\" src=\"https:\/\/anchangretreat.vn\/wp-content\/uploads\/2025\/12\/anh-de-xuat-6-1024x687.webp\" class=\"attachment-large size-large wp-image-2302\" alt=\"An Ch\u00e2ng Retreat &amp; Spa, H\u00e0 Giang\" srcset=\"https:\/\/anchangretreat.vn\/wp-content\/uploads\/2025\/12\/anh-de-xuat-6-1024x687.webp 1024w, https:\/\/anchangretreat.vn\/wp-content\/uploads\/2025\/12\/anh-de-xuat-6-300x201.webp 300w, https:\/\/anchangretreat.vn\/wp-content\/uploads\/2025\/12\/anh-de-xuat-6-768x515.webp 768w, https:\/\/anchangretreat.vn\/wp-content\/uploads\/2025\/12\/anh-de-xuat-6-18x12.webp 18w, https:\/\/anchangretreat.vn\/wp-content\/uploads\/2025\/12\/anh-de-xuat-6-780x523.webp 780w, https:\/\/anchangretreat.vn\/wp-content\/uploads\/2025\/12\/anh-de-xuat-6-600x403.webp 600w, https:\/\/anchangretreat.vn\/wp-content\/uploads\/2025\/12\/anh-de-xuat-6-550x369.webp 550w, https:\/\/anchangretreat.vn\/wp-content\/uploads\/2025\/12\/anh-de-xuat-6-370x248.webp 370w, https:\/\/anchangretreat.vn\/wp-content\/uploads\/2025\/12\/anh-de-xuat-6-255x171.webp 255w, https:\/\/anchangretreat.vn\/wp-content\/uploads\/2025\/12\/anh-de-xuat-6-150x101.webp 150w, https:\/\/anchangretreat.vn\/wp-content\/uploads\/2025\/12\/anh-de-xuat-6.webp 1091w\" sizes=\"(max-width: 1024px) 100vw, 1024px\" \/>\t\t\t\t\t\t\t\t\t\t\t\t\t\t\t<\/div>\n\t\t\t\t<\/div>\n\t\t\t\t\t<\/div>\n\t\t<\/div>\n\t\t\t\t\t<\/div>\n\t\t<\/section>\n\t\t<div class=\"elementor-element elementor-element-58f380c e-grid e-con-boxed e-con e-parent\" data-id=\"58f380c\" data-element_type=\"container\">\n\t\t\t\t\t<div class=\"e-con-inner\">\n\t\t\t\t<div class=\"elementor-element elementor-element-1d89ce7 elementor-widget elementor-widget-image\" data-id=\"1d89ce7\" data-element_type=\"widget\" data-widget_type=\"image.default\">\n\t\t\t\t<div class=\"elementor-widget-container\">\n\t\t\t\t\t\t\t\t\t\t\t\t\t\t\t<img decoding=\"async\" width=\"1024\" height=\"576\" src=\"https:\/\/anchangretreat.vn\/wp-content\/uploads\/2024\/10\/banner-anchang7-1024x576.webp\" class=\"attachment-large size-large wp-image-487\" alt=\"\" srcset=\"https:\/\/anchangretreat.vn\/wp-content\/uploads\/2024\/10\/banner-anchang7-1024x576.webp 1024w, https:\/\/anchangretreat.vn\/wp-content\/uploads\/2024\/10\/banner-anchang7-300x169.webp 300w, https:\/\/anchangretreat.vn\/wp-content\/uploads\/2024\/10\/banner-anchang7-768x432.webp 768w, https:\/\/anchangretreat.vn\/wp-content\/uploads\/2024\/10\/banner-anchang7-1536x864.webp 1536w, https:\/\/anchangretreat.vn\/wp-content\/uploads\/2024\/10\/banner-anchang7-1440x810.webp 1440w, https:\/\/anchangretreat.vn\/wp-content\/uploads\/2024\/10\/banner-anchang7-1200x675.webp 1200w, https:\/\/anchangretreat.vn\/wp-content\/uploads\/2024\/10\/banner-anchang7-780x439.webp 780w, https:\/\/anchangretreat.vn\/wp-content\/uploads\/2024\/10\/banner-anchang7-600x338.webp 600w, https:\/\/anchangretreat.vn\/wp-content\/uploads\/2024\/10\/banner-anchang7-550x309.webp 550w, https:\/\/anchangretreat.vn\/wp-content\/uploads\/2024\/10\/banner-anchang7-370x208.webp 370w, https:\/\/anchangretreat.vn\/wp-content\/uploads\/2024\/10\/banner-anchang7-255x143.webp 255w, https:\/\/anchangretreat.vn\/wp-content\/uploads\/2024\/10\/banner-anchang7-150x84.webp 150w, https:\/\/anchangretreat.vn\/wp-content\/uploads\/2024\/10\/banner-anchang7.webp 1920w\" sizes=\"(max-width: 1024px) 100vw, 1024px\" \/>\t\t\t\t\t\t\t\t\t\t\t\t\t\t\t<\/div>\n\t\t\t\t<\/div>\n\t\t\t\t<div class=\"elementor-element elementor-element-07d30a5 elementor-widget elementor-widget-image\" data-id=\"07d30a5\" data-element_type=\"widget\" data-widget_type=\"image.default\">\n\t\t\t\t<div class=\"elementor-widget-container\">\n\t\t\t\t\t\t\t\t\t\t\t\t\t\t\t<img decoding=\"async\" width=\"682\" height=\"1024\" src=\"https:\/\/anchangretreat.vn\/wp-content\/uploads\/2024\/10\/anchang-retreat-home2-682x1024.webp\" class=\"attachment-large size-large wp-image-642\" alt=\"\" srcset=\"https:\/\/anchangretreat.vn\/wp-content\/uploads\/2024\/10\/anchang-retreat-home2-682x1024.webp 682w, https:\/\/anchangretreat.vn\/wp-content\/uploads\/2024\/10\/anchang-retreat-home2-200x300.webp 200w, https:\/\/anchangretreat.vn\/wp-content\/uploads\/2024\/10\/anchang-retreat-home2-768x1153.webp 768w, https:\/\/anchangretreat.vn\/wp-content\/uploads\/2024\/10\/anchang-retreat-home2-780x1171.webp 780w, https:\/\/anchangretreat.vn\/wp-content\/uploads\/2024\/10\/anchang-retreat-home2-600x901.webp 600w, https:\/\/anchangretreat.vn\/wp-content\/uploads\/2024\/10\/anchang-retreat-home2-550x826.webp 550w, https:\/\/anchangretreat.vn\/wp-content\/uploads\/2024\/10\/anchang-retreat-home2-370x556.webp 370w, https:\/\/anchangretreat.vn\/wp-content\/uploads\/2024\/10\/anchang-retreat-home2-255x383.webp 255w, https:\/\/anchangretreat.vn\/wp-content\/uploads\/2024\/10\/anchang-retreat-home2-100x150.webp 100w, https:\/\/anchangretreat.vn\/wp-content\/uploads\/2024\/10\/anchang-retreat-home2.webp 819w\" sizes=\"(max-width: 682px) 100vw, 682px\" \/>\t\t\t\t\t\t\t\t\t\t\t\t\t\t\t<\/div>\n\t\t\t\t<\/div>\n\t\t\t\t\t<\/div>\n\t\t\t\t<\/div>\n\t\t\t\t<section class=\"elementor-section elementor-top-section elementor-element elementor-element-7f1bfb61 elementor-section-boxed elementor-section-height-default elementor-section-height-default\" data-id=\"7f1bfb61\" data-element_type=\"section\" data-settings=\"{&quot;background_background&quot;:&quot;classic&quot;}\">\n\t\t\t\t\t\t<div class=\"elementor-container elementor-column-gap-default\">\n\t\t\t\t\t<div class=\"elementor-column elementor-col-100 elementor-top-column elementor-element elementor-element-21f83d6d\" data-id=\"21f83d6d\" data-element_type=\"column\">\n\t\t\t<div class=\"elementor-widget-wrap elementor-element-populated\">\n\t\t\t\t\t\t<div class=\"elementor-element elementor-element-25c14a11 elementor-widget__width-initial elementor-widget elementor-widget-cs_title\" data-id=\"25c14a11\" data-element_type=\"widget\" data-widget_type=\"cs_title.default\">\n\t\t\t\t<div class=\"elementor-widget-container\">\n\t\t\t\t\t\n        <div class=\"cs-title-wrap text-center\">\t            <h3 class=\"cs-title\">\n\t                Sunset Drinks\t            <\/h3>\t            <div class=\"cs-title-text\">\n\t                <p>Each afternoon, C\u1ecd B\u1ea7u Restaurant and the poolside bar serve light bites alongside a creative drinks menu. Sunset moments become even more refreshing with a Margarita cocktail, a perfect blend of whisky, tequila, lemon, and orange.<\/p>\t            <\/div>        <\/div>\t\t\t\t<\/div>\n\t\t\t\t<\/div>\n\t\t\t\t<div class=\"elementor-element elementor-element-7395e7f elementor-align-center elementor-widget__width-initial elementor-widget elementor-widget-button\" data-id=\"7395e7f\" data-element_type=\"widget\" data-widget_type=\"button.default\">\n\t\t\t\t<div class=\"elementor-widget-container\">\n\t\t\t\t\t\t\t\t\t<div class=\"elementor-button-wrapper\">\n\t\t\t\t\t<a class=\"elementor-button elementor-button-link elementor-size-sm\" href=\"https:\/\/anchangretreat.vn\/en\/am-thuc\/#df_1308\">\n\t\t\t\t\t\t<span class=\"elementor-button-content-wrapper\">\n\t\t\t\t\t\t\t\t\t<span class=\"elementor-button-text\">View Menu<\/span>\n\t\t\t\t\t<\/span>\n\t\t\t\t\t<\/a>\n\t\t\t\t<\/div>\n\t\t\t\t\t\t\t\t<\/div>\n\t\t\t\t<\/div>\n\t\t\t\t<div class=\"elementor-element elementor-element-f74203d elementor-widget__width-initial elementor-widget elementor-widget-image\" data-id=\"f74203d\" data-element_type=\"widget\" data-widget_type=\"image.default\">\n\t\t\t\t<div class=\"elementor-widget-container\">\n\t\t\t\t\t\t\t\t\t\t\t\t\t\t\t<img loading=\"lazy\" decoding=\"async\" width=\"768\" height=\"1024\" src=\"https:\/\/anchangretreat.vn\/wp-content\/uploads\/2025\/12\/marigata-768x1024.webp\" class=\"attachment-large size-large wp-image-2324\" alt=\"An Ch\u00e2ng Retreat &amp; Spa, H\u00e0 Giang\" srcset=\"https:\/\/anchangretreat.vn\/wp-content\/uploads\/2025\/12\/marigata-768x1024.webp 768w, https:\/\/anchangretreat.vn\/wp-content\/uploads\/2025\/12\/marigata-225x300.webp 225w, https:\/\/anchangretreat.vn\/wp-content\/uploads\/2025\/12\/marigata-9x12.webp 9w, https:\/\/anchangretreat.vn\/wp-content\/uploads\/2025\/12\/marigata-780x1040.webp 780w, https:\/\/anchangretreat.vn\/wp-content\/uploads\/2025\/12\/marigata-600x800.webp 600w, https:\/\/anchangretreat.vn\/wp-content\/uploads\/2025\/12\/marigata-550x733.webp 550w, https:\/\/anchangretreat.vn\/wp-content\/uploads\/2025\/12\/marigata-370x493.webp 370w, https:\/\/anchangretreat.vn\/wp-content\/uploads\/2025\/12\/marigata-255x340.webp 255w, https:\/\/anchangretreat.vn\/wp-content\/uploads\/2025\/12\/marigata-113x150.webp 113w, https:\/\/anchangretreat.vn\/wp-content\/uploads\/2025\/12\/marigata.webp 960w\" sizes=\"(max-width: 768px) 100vw, 768px\" \/>\t\t\t\t\t\t\t\t\t\t\t\t\t\t\t<\/div>\n\t\t\t\t<\/div>\n\t\t\t\t\t<\/div>\n\t\t<\/div>\n\t\t\t\t\t<\/div>\n\t\t<\/section>\n\t\t\t\t<\/div>","protected":false},"excerpt":{"rendered":"<p>B\u1ec3 b\u01a1i v\u00f4 c\u1ef1c Infinity Pool Hotel management software T\u1ea1i khu ngh\u1ec9 d\u01b0\u1ee1ng An Ch\u00e2ng, b\u1ec3 b\u01a1i v\u00f4 c\u1ef1c l\u00e0 m\u1ed9t tr\u1ea3i nghi\u1ec7m kh\u00f4ng th\u1ec3 b\u1ecf qua. V\u1edbi view nh\u00ecn ra n\u00fai r\u1eebng h\u00f9ng v\u0129, b\u1ec3 b\u01a1i kh\u00f4ng ch\u1ec9 mang \u0111\u1ebfn s\u1ef1 th\u01b0 gi\u00e3n m\u00e0 c\u00f2n cho ph\u00e9p Qu\u00fd kh\u00e1ch h\u00f2a m\u00ecnh v\u00e0o thi\u00ean nhi\u00ean &#8230;<\/p>","protected":false},"author":1,"featured_media":0,"parent":0,"menu_order":0,"comment_status":"closed","ping_status":"closed","template":"","meta":{"cozystay_single_page_hide_site_header":"","cozystay_single_page_site_header_source":"","cozystay_single_page_custom_site_header":"","cozystay_single_page_custom_sticky_site_header":"","cozystay_single_page_hide_page_title":"","cozystay_single_page_header_section_size":"","cozystay_single_page_header_background_color":"","cozystay_single_page_header_background_position_x":"center","cozystay_single_page_header_background_position_y":"center","cozystay_single_page_header_background_size":"cover","cozystay_single_page_header_background_repeat":"off","cozystay_single_page_header_background_scroll":"on","cozystay_single_page_header_text_color":"","cozystay_single_page_header_show_breadcrumb":"","cozystay_single_page_site_footer_hide_main":"","cozystay_single_custom_site_footer_main_source":"","cozystay_single_custom_site_footer_main":"","cozystay_single_page_site_footer_hide_above":"","cozystay_single_custom_site_footer_above_source":"","cozystay_single_custom_site_footer_above":"","cozystay_single_page_site_footer_hide_instagram":"","cozystay_single_page_site_footer_hide_bottom":"","cozystay_single_custom_mobile_menu_source":"","cozystay_single_custom_mobile_menu":"","cozystay_single_custom_mobile_menu_animation":"","cozystay_single_custom_mobile_menu_width":"","cozystay_single_custom_mobile_menu_custom_width":375,"footnotes":""},"class_list":["post-242","page","type-page","status-publish","hentry"],"yoast_head":"<!-- This site is optimized with the Yoast SEO Premium plugin v24.1 (Yoast SEO v25.6) - https:\/\/yoast.com\/wordpress\/plugins\/seo\/ -->\n<title>B\u1ec3 b\u01a1i v\u00f4 c\u1ef1c - An Ch\u00e2ng Retreat &amp; Spa, Th\u00e0nh ph\u1ed1 H\u00e0 Giang. Trang web ch\u00ednh th\u1ee9c.<\/title>\n<meta name=\"robots\" content=\"index, follow, max-snippet:-1, max-image-preview:large, max-video-preview:-1\" \/>\n<link rel=\"canonical\" href=\"https:\/\/anchangretreat.vn\/en\/infinity-pool\/\" \/>\n<meta property=\"og:locale\" content=\"en_US\" \/>\n<meta property=\"og:type\" content=\"article\" \/>\n<meta property=\"og:title\" content=\"B\u1ec3 b\u01a1i v\u00f4 c\u1ef1c\" \/>\n<meta property=\"og:description\" content=\"B\u1ec3 b\u01a1i v\u00f4 c\u1ef1c Infinity Pool Hotel management software T\u1ea1i khu ngh\u1ec9 d\u01b0\u1ee1ng An Ch\u00e2ng, b\u1ec3 b\u01a1i v\u00f4 c\u1ef1c l\u00e0 m\u1ed9t tr\u1ea3i nghi\u1ec7m kh\u00f4ng th\u1ec3 b\u1ecf qua. V\u1edbi view nh\u00ecn ra n\u00fai r\u1eebng h\u00f9ng v\u0129, b\u1ec3 b\u01a1i kh\u00f4ng ch\u1ec9 mang \u0111\u1ebfn s\u1ef1 th\u01b0 gi\u00e3n m\u00e0 c\u00f2n cho ph\u00e9p Qu\u00fd kh\u00e1ch h\u00f2a m\u00ecnh v\u00e0o thi\u00ean nhi\u00ean ...\" \/>\n<meta property=\"og:url\" content=\"https:\/\/anchangretreat.vn\/en\/infinity-pool\/\" \/>\n<meta property=\"og:site_name\" content=\"An Ch\u00e2ng Retreat &amp; Spa, Th\u00e0nh ph\u1ed1 H\u00e0 Giang. Trang web ch\u00ednh th\u1ee9c.\" \/>\n<meta property=\"article:publisher\" content=\"https:\/\/www.facebook.com\/anchangretreat\" \/>\n<meta property=\"article:modified_time\" content=\"2026-03-04T13:31:20+00:00\" \/>\n<meta property=\"og:image\" content=\"https:\/\/anchangretreat.vn\/wp-content\/uploads\/2025\/12\/anh-de-xuat-6.webp\" \/>\n\t<meta property=\"og:image:width\" content=\"1091\" \/>\n\t<meta property=\"og:image:height\" content=\"732\" \/>\n\t<meta property=\"og:image:type\" content=\"image\/webp\" \/>\n<meta name=\"twitter:card\" content=\"summary_large_image\" \/>\n<meta name=\"twitter:label1\" content=\"Est. reading time\" \/>\n\t<meta name=\"twitter:data1\" content=\"2 minutes\" \/>\n<script type=\"application\/ld+json\" class=\"yoast-schema-graph\">{\"@context\":\"https:\/\/schema.org\",\"@graph\":[{\"@type\":\"WebPage\",\"@id\":\"https:\/\/anchangretreat.vn\/infinity-pool\/\",\"url\":\"https:\/\/anchangretreat.vn\/infinity-pool\/\",\"name\":\"B\u1ec3 b\u01a1i v\u00f4 c\u1ef1c - An Ch\u00e2ng Retreat &amp; Spa, Th\u00e0nh ph\u1ed1 H\u00e0 Giang. Trang web ch\u00ednh th\u1ee9c.\",\"isPartOf\":{\"@id\":\"https:\/\/anchangretreat.vn\/#website\"},\"primaryImageOfPage\":{\"@id\":\"https:\/\/anchangretreat.vn\/infinity-pool\/#primaryimage\"},\"image\":{\"@id\":\"https:\/\/anchangretreat.vn\/infinity-pool\/#primaryimage\"},\"thumbnailUrl\":\"https:\/\/anchangretreat.vn\/wp-content\/uploads\/2025\/12\/anh-de-xuat-6-1024x687.webp\",\"datePublished\":\"2024-09-27T09:28:01+00:00\",\"dateModified\":\"2026-03-04T13:31:20+00:00\",\"breadcrumb\":{\"@id\":\"https:\/\/anchangretreat.vn\/infinity-pool\/#breadcrumb\"},\"inLanguage\":\"en-US\",\"potentialAction\":[{\"@type\":\"ReadAction\",\"target\":[\"https:\/\/anchangretreat.vn\/infinity-pool\/\"]}]},{\"@type\":\"ImageObject\",\"inLanguage\":\"en-US\",\"@id\":\"https:\/\/anchangretreat.vn\/infinity-pool\/#primaryimage\",\"url\":\"https:\/\/anchangretreat.vn\/wp-content\/uploads\/2025\/12\/anh-de-xuat-6-1024x687.webp\",\"contentUrl\":\"https:\/\/anchangretreat.vn\/wp-content\/uploads\/2025\/12\/anh-de-xuat-6-1024x687.webp\"},{\"@type\":\"BreadcrumbList\",\"@id\":\"https:\/\/anchangretreat.vn\/infinity-pool\/#breadcrumb\",\"itemListElement\":[{\"@type\":\"ListItem\",\"position\":1,\"name\":\"Home\",\"item\":\"https:\/\/anchangretreat.vn\/\"},{\"@type\":\"ListItem\",\"position\":2,\"name\":\"B\u1ec3 b\u01a1i v\u00f4 c\u1ef1c\"}]},{\"@type\":\"WebSite\",\"@id\":\"https:\/\/anchangretreat.vn\/#website\",\"url\":\"https:\/\/anchangretreat.vn\/\",\"name\":\"An Ch\u00e2ng Retreat & Spa, Th\u00e0nh ph\u1ed1 H\u00e0 Giang. Trang web ch\u00ednh th\u1ee9c.\",\"description\":\"Khu ngh\u1ec9 d\u01b0\u1ee1ng, Tour, Spa v\u00e0 Nh\u00e0 h\u00e0ng t\u1ea1i H\u00e0 Giang\",\"publisher\":{\"@id\":\"https:\/\/anchangretreat.vn\/#organization\"},\"potentialAction\":[{\"@type\":\"SearchAction\",\"target\":{\"@type\":\"EntryPoint\",\"urlTemplate\":\"https:\/\/anchangretreat.vn\/?s={search_term_string}\"},\"query-input\":{\"@type\":\"PropertyValueSpecification\",\"valueRequired\":true,\"valueName\":\"search_term_string\"}}],\"inLanguage\":\"en-US\"},{\"@type\":\"Organization\",\"@id\":\"https:\/\/anchangretreat.vn\/#organization\",\"name\":\"AN CHANG RETREAT - H\u00c0NH TR\u00ccNH V\u1ec0 MI\u1ec0N AN NHI\u00caN\",\"url\":\"https:\/\/anchangretreat.vn\/\",\"logo\":{\"@type\":\"ImageObject\",\"inLanguage\":\"en-US\",\"@id\":\"https:\/\/anchangretreat.vn\/#\/schema\/logo\/image\/\",\"url\":\"https:\/\/anchangretreat.vn\/wp-content\/uploads\/2024\/09\/logo-Anchang-02.svg\",\"contentUrl\":\"https:\/\/anchangretreat.vn\/wp-content\/uploads\/2024\/09\/logo-Anchang-02.svg\",\"width\":305,\"height\":305,\"caption\":\"AN CHANG RETREAT - H\u00c0NH TR\u00ccNH V\u1ec0 MI\u1ec0N AN NHI\u00caN\"},\"image\":{\"@id\":\"https:\/\/anchangretreat.vn\/#\/schema\/logo\/image\/\"},\"sameAs\":[\"https:\/\/www.facebook.com\/anchangretreat\"]}]}<\/script>\n<!-- \/ Yoast SEO Premium plugin. -->","yoast_head_json":{"title":"B\u1ec3 b\u01a1i v\u00f4 c\u1ef1c - An Ch\u00e2ng Retreat &amp; Spa, Th\u00e0nh ph\u1ed1 H\u00e0 Giang. Trang web ch\u00ednh th\u1ee9c.","robots":{"index":"index","follow":"follow","max-snippet":"max-snippet:-1","max-image-preview":"max-image-preview:large","max-video-preview":"max-video-preview:-1"},"canonical":"https:\/\/anchangretreat.vn\/en\/infinity-pool\/","og_locale":"en_US","og_type":"article","og_title":"B\u1ec3 b\u01a1i v\u00f4 c\u1ef1c","og_description":"B\u1ec3 b\u01a1i v\u00f4 c\u1ef1c Infinity Pool Hotel management software T\u1ea1i khu ngh\u1ec9 d\u01b0\u1ee1ng An Ch\u00e2ng, b\u1ec3 b\u01a1i v\u00f4 c\u1ef1c l\u00e0 m\u1ed9t tr\u1ea3i nghi\u1ec7m kh\u00f4ng th\u1ec3 b\u1ecf qua. V\u1edbi view nh\u00ecn ra n\u00fai r\u1eebng h\u00f9ng v\u0129, b\u1ec3 b\u01a1i kh\u00f4ng ch\u1ec9 mang \u0111\u1ebfn s\u1ef1 th\u01b0 gi\u00e3n m\u00e0 c\u00f2n cho ph\u00e9p Qu\u00fd kh\u00e1ch h\u00f2a m\u00ecnh v\u00e0o thi\u00ean nhi\u00ean ...","og_url":"https:\/\/anchangretreat.vn\/en\/infinity-pool\/","og_site_name":"An Ch\u00e2ng Retreat &amp; Spa, Th\u00e0nh ph\u1ed1 H\u00e0 Giang. Trang web ch\u00ednh th\u1ee9c.","article_publisher":"https:\/\/www.facebook.com\/anchangretreat","article_modified_time":"2026-03-04T13:31:20+00:00","og_image":[{"width":1091,"height":732,"url":"https:\/\/anchangretreat.vn\/wp-content\/uploads\/2025\/12\/anh-de-xuat-6.webp","type":"image\/webp"}],"twitter_card":"summary_large_image","twitter_misc":{"Est. reading time":"2 minutes"},"schema":{"@context":"https:\/\/schema.org","@graph":[{"@type":"WebPage","@id":"https:\/\/anchangretreat.vn\/infinity-pool\/","url":"https:\/\/anchangretreat.vn\/infinity-pool\/","name":"B\u1ec3 b\u01a1i v\u00f4 c\u1ef1c - An Ch\u00e2ng Retreat &amp; Spa, Th\u00e0nh ph\u1ed1 H\u00e0 Giang. Trang web ch\u00ednh th\u1ee9c.","isPartOf":{"@id":"https:\/\/anchangretreat.vn\/#website"},"primaryImageOfPage":{"@id":"https:\/\/anchangretreat.vn\/infinity-pool\/#primaryimage"},"image":{"@id":"https:\/\/anchangretreat.vn\/infinity-pool\/#primaryimage"},"thumbnailUrl":"https:\/\/anchangretreat.vn\/wp-content\/uploads\/2025\/12\/anh-de-xuat-6-1024x687.webp","datePublished":"2024-09-27T09:28:01+00:00","dateModified":"2026-03-04T13:31:20+00:00","breadcrumb":{"@id":"https:\/\/anchangretreat.vn\/infinity-pool\/#breadcrumb"},"inLanguage":"en-US","potentialAction":[{"@type":"ReadAction","target":["https:\/\/anchangretreat.vn\/infinity-pool\/"]}]},{"@type":"ImageObject","inLanguage":"en-US","@id":"https:\/\/anchangretreat.vn\/infinity-pool\/#primaryimage","url":"https:\/\/anchangretreat.vn\/wp-content\/uploads\/2025\/12\/anh-de-xuat-6-1024x687.webp","contentUrl":"https:\/\/anchangretreat.vn\/wp-content\/uploads\/2025\/12\/anh-de-xuat-6-1024x687.webp"},{"@type":"BreadcrumbList","@id":"https:\/\/anchangretreat.vn\/infinity-pool\/#breadcrumb","itemListElement":[{"@type":"ListItem","position":1,"name":"Home","item":"https:\/\/anchangretreat.vn\/"},{"@type":"ListItem","position":2,"name":"B\u1ec3 b\u01a1i v\u00f4 c\u1ef1c"}]},{"@type":"WebSite","@id":"https:\/\/anchangretreat.vn\/#website","url":"https:\/\/anchangretreat.vn\/","name":"An Ch\u00e2ng Retreat & Spa, Th\u00e0nh ph\u1ed1 H\u00e0 Giang. Trang web ch\u00ednh th\u1ee9c.","description":"Khu ngh\u1ec9 d\u01b0\u1ee1ng, Tour, Spa v\u00e0 Nh\u00e0 h\u00e0ng t\u1ea1i H\u00e0 Giang","publisher":{"@id":"https:\/\/anchangretreat.vn\/#organization"},"potentialAction":[{"@type":"SearchAction","target":{"@type":"EntryPoint","urlTemplate":"https:\/\/anchangretreat.vn\/?s={search_term_string}"},"query-input":{"@type":"PropertyValueSpecification","valueRequired":true,"valueName":"search_term_string"}}],"inLanguage":"en-US"},{"@type":"Organization","@id":"https:\/\/anchangretreat.vn\/#organization","name":"AN CHANG RETREAT - H\u00c0NH TR\u00ccNH V\u1ec0 MI\u1ec0N AN NHI\u00caN","url":"https:\/\/anchangretreat.vn\/","logo":{"@type":"ImageObject","inLanguage":"en-US","@id":"https:\/\/anchangretreat.vn\/#\/schema\/logo\/image\/","url":"https:\/\/anchangretreat.vn\/wp-content\/uploads\/2024\/09\/logo-Anchang-02.svg","contentUrl":"https:\/\/anchangretreat.vn\/wp-content\/uploads\/2024\/09\/logo-Anchang-02.svg","width":305,"height":305,"caption":"AN CHANG RETREAT - H\u00c0NH TR\u00ccNH V\u1ec0 MI\u1ec0N AN NHI\u00caN"},"image":{"@id":"https:\/\/anchangretreat.vn\/#\/schema\/logo\/image\/"},"sameAs":["https:\/\/www.facebook.com\/anchangretreat"]}]}},"_links":{"self":[{"href":"https:\/\/anchangretreat.vn\/en\/wp-json\/wp\/v2\/pages\/242","targetHints":{"allow":["GET"]}}],"collection":[{"href":"https:\/\/anchangretreat.vn\/en\/wp-json\/wp\/v2\/pages"}],"about":[{"href":"https:\/\/anchangretreat.vn\/en\/wp-json\/wp\/v2\/types\/page"}],"author":[{"embeddable":true,"href":"https:\/\/anchangretreat.vn\/en\/wp-json\/wp\/v2\/users\/1"}],"replies":[{"embeddable":true,"href":"https:\/\/anchangretreat.vn\/en\/wp-json\/wp\/v2\/comments?post=242"}],"version-history":[{"count":0,"href":"https:\/\/anchangretreat.vn\/en\/wp-json\/wp\/v2\/pages\/242\/revisions"}],"wp:attachment":[{"href":"https:\/\/anchangretreat.vn\/en\/wp-json\/wp\/v2\/media?parent=242"}],"curies":[{"name":"wp","href":"https:\/\/api.w.org\/{rel}","templated":true}]}}